{"id":12155,"date":"2023-10-25T13:10:08","date_gmt":"2023-10-25T13:10:08","guid":{"rendered":"https:\/\/www.karamanco.com\/contact\/"},"modified":"2025-01-15T10:22:06","modified_gmt":"2025-01-15T10:22:06","slug":"contact","status":"publish","type":"page","link":"https:\/\/www.karamanco.com\/en\/contact\/","title":{"rendered":"Contact Us"},"content":{"rendered":"\t\t<div data-elementor-type=\"wp-page\" data-elementor-id=\"12155\" class=\"elementor elementor-12155 elementor-10741\">\n\t\t\t\t<div class=\"elementor-element elementor-element-1727af6a e-con-full e-flex parallax_section_no qode_elementor_container_no e-con e-parent\" data-id=\"1727af6a\" data-element_type=\"container\" data-e-type=\"container\" data-settings=\"{&quot;background_background&quot;:&quot;classic&quot;}\">\n\t\t<div class=\"elementor-element elementor-element-1dc54895 e-con-full e-flex parallax_section_no qode_elementor_container_no e-con e-child\" data-id=\"1dc54895\" data-element_type=\"container\" data-e-type=\"container\" data-settings=\"{&quot;background_background&quot;:&quot;classic&quot;}\">\n\t\t\t\t<div class=\"elementor-element elementor-element-6e396539 elementor-widget-divider--view-line elementor-widget elementor-widget-divider\" data-id=\"6e396539\" data-element_type=\"widget\" data-e-type=\"widget\" data-widget_type=\"divider.default\">\n\t\t\t\t<div class=\"elementor-widget-container\">\n\t\t\t\t\t\t\t<div class=\"elementor-divider\">\n\t\t\t<span class=\"elementor-divider-separator\">\n\t\t\t\t\t\t<\/span>\n\t\t<\/div>\n\t\t\t\t\t\t<\/div>\n\t\t\t\t<\/div>\n\t\t\t\t<\/div>\n\t\t<div class=\"elementor-element elementor-element-146a36bc e-con-full e-flex parallax_section_no qode_elementor_container_no e-con e-child\" data-id=\"146a36bc\" data-element_type=\"container\" data-e-type=\"container\">\n\t\t<div class=\"elementor-element elementor-element-29d03014 e-con-full e-flex parallax_section_no qode_elementor_container_no e-con e-child\" data-id=\"29d03014\" data-element_type=\"container\" data-e-type=\"container\">\n\t\t<div class=\"elementor-element elementor-element-75be61bc e-con-full e-flex parallax_section_no qode_elementor_container_no e-con e-child\" data-id=\"75be61bc\" data-element_type=\"container\" data-e-type=\"container\" data-settings=\"{&quot;background_background&quot;:&quot;classic&quot;}\">\n\t\t\t\t<div class=\"elementor-element elementor-element-70a5087 elementor-widget elementor-widget-text-editor\" data-id=\"70a5087\" data-element_type=\"widget\" data-e-type=\"widget\" data-widget_type=\"text-editor.default\">\n\t\t\t\t<div class=\"elementor-widget-container\">\n\t\t\t\t\t\t\t\t\t<h3><span style=\"color: #ffffff;\">Our Office Address<\/span><\/h3>\n\t\t\t\t\t\t\t\t<\/div>\n\t\t\t\t<\/div>\n\t\t<div class=\"elementor-element elementor-element-1cc8722b e-con-full e-flex parallax_section_no qode_elementor_container_no e-con e-child\" data-id=\"1cc8722b\" data-element_type=\"container\" data-e-type=\"container\">\n\t\t<div class=\"elementor-element elementor-element-2a32c765 e-con-full e-flex parallax_section_no qode_elementor_container_no e-con e-child\" data-id=\"2a32c765\" data-element_type=\"container\" data-e-type=\"container\">\n\t\t\t\t<div class=\"elementor-element elementor-element-111b4738 elementor-widget elementor-widget-text-editor\" data-id=\"111b4738\" data-element_type=\"widget\" data-e-type=\"widget\" data-widget_type=\"text-editor.default\">\n\t\t\t\t<div class=\"elementor-widget-container\">\n\t\t\t\t\t\t\t\t\t<p><span style=\"color: #ffffff;\">Abdi \u0130pek\u00e7i Cad. Bostan Sok. Orijin Apt. No: 15 Level 5&amp;6   <\/span><\/p>\n<p><span style=\"color: #ffffff;\">34367 Ni\u015fanta\u015f\u0131, \u0130stanbul, T\u00fcrkiye<\/span><\/p>\n\t\t\t\t\t\t\t\t<\/div>\n\t\t\t\t<\/div>\n\t\t\t\t<div class=\"elementor-element elementor-element-54308a1c elementor-widget elementor-widget-text-editor\" data-id=\"54308a1c\" data-element_type=\"widget\" data-e-type=\"widget\" data-widget_type=\"text-editor.default\">\n\t\t\t\t<div class=\"elementor-widget-container\">\n\t\t\t\t\t\t\t\t\t<p><a href=\"mailto:nezihkaraman@karamanco.com\"><span style=\"color: #ffffff;\">nezihkaraman@karamanco.com<\/span><\/a><\/p>\n\t\t\t\t\t\t\t\t<\/div>\n\t\t\t\t<\/div>\n\t\t\t\t<div class=\"elementor-element elementor-element-9af1d0e elementor-widget elementor-widget-text-editor\" data-id=\"9af1d0e\" data-element_type=\"widget\" data-e-type=\"widget\" data-widget_type=\"text-editor.default\">\n\t\t\t\t<div class=\"elementor-widget-container\">\n\t\t\t\t\t\t\t\t\t<p><a href=\"tel:+902123739657\">+90 212 373 96 57  <\/a><\/p>\n\t\t\t\t\t\t\t\t<\/div>\n\t\t\t\t<\/div>\n\t\t\t\t<\/div>\n\t\t<div class=\"elementor-element elementor-element-35470bfb e-flex e-con-boxed parallax_section_no qode_elementor_container_no e-con e-child\" data-id=\"35470bfb\" data-element_type=\"container\" data-e-type=\"container\">\n\t\t\t\t\t<div class=\"e-con-inner\">\n\t\t\t\t\t<\/div>\n\t\t\t\t<\/div>\n\t\t\t\t<\/div>\n\t\t\t\t<\/div>\n\t\t\t\t<div class=\"elementor-element elementor-element-63dff66e elementor-widget elementor-widget-text-editor\" data-id=\"63dff66e\" data-element_type=\"widget\" data-e-type=\"widget\" data-widget_type=\"text-editor.default\">\n\t\t\t\t<div class=\"elementor-widget-container\">\n\t\t\t\t\t\t\t\t\t<h6>FOR STRATEGIC CONSULTANCY<\/h6>\n\t\t\t\t\t\t\t\t<\/div>\n\t\t\t\t<\/div>\n\t\t\t\t<div class=\"elementor-element elementor-element-21c5ced1 elementor-widget elementor-widget-text-editor\" data-id=\"21c5ced1\" data-element_type=\"widget\" data-e-type=\"widget\" data-widget_type=\"text-editor.default\">\n\t\t\t\t<div class=\"elementor-widget-container\">\n\t\t\t\t\t\t\t\t\t<div class=\"elementor-element elementor-element-38c44c9 elementor-widget elementor-widget-halstein_core_section_title\" data-id=\"38c44c9\" data-element_type=\"widget\" data-widget_type=\"halstein_core_section_title.default\"><div class=\"elementor-widget-container\"><div class=\"qodef-shortcode qodef-m qodef-section-title qodef-alignment--left \"><h2 class=\"qodef-m-title\"><span style=\"font-weight: var( --e-global-typography-text-font-weight ); text-align: var(--text-align);\">Let Us Call You<\/span><span style=\"color: var( --e-global-color-text ); font-family: var( --e-global-typography-text-font-family ), Sans-serif; font-weight: var( --e-global-typography-text-font-weight ); text-align: var(--text-align); font-size: 16px;\">\u00a0<\/span><\/h2><\/div><\/div><\/div>\t\t\t\t\t\t\t\t<\/div>\n\t\t\t\t<\/div>\n\t\t\t\t<div class=\"elementor-element elementor-element-416628b5 elementor-widget elementor-widget-bridge_cf_7\" data-id=\"416628b5\" data-element_type=\"widget\" data-e-type=\"widget\" data-widget_type=\"bridge_cf_7.default\">\n\t\t\t\t<div class=\"elementor-widget-container\">\n\t\t\t\t\t    <div class=\"qode-contact-form-7 qode-contact-form-7-0\">\n    \n<div class=\"wpcf7 no-js\" id=\"wpcf7-f12176-o1\" lang=\"en-US\" dir=\"ltr\" data-wpcf7-id=\"12176\">\n<div class=\"screen-reader-response\"><p role=\"status\" aria-live=\"polite\" aria-atomic=\"true\"><\/p> <ul><\/ul><\/div>\n<form action=\"\/en\/wp-json\/wp\/v2\/pages\/12155#wpcf7-f12176-o1\" method=\"post\" class=\"wpcf7-form init cf7_custom_style_1\" aria-label=\"Contact form\" novalidate=\"novalidate\" data-status=\"init\">\n<fieldset class=\"hidden-fields-container\"><input type=\"hidden\" name=\"_wpcf7\" value=\"12176\" \/><input type=\"hidden\" name=\"_wpcf7_version\" value=\"6.1.5\" \/><input type=\"hidden\" name=\"_wpcf7_locale\" value=\"en_US\" \/><input type=\"hidden\" name=\"_wpcf7_unit_tag\" value=\"wpcf7-f12176-o1\" \/><input type=\"hidden\" name=\"_wpcf7_container_post\" value=\"0\" \/><input type=\"hidden\" name=\"_wpcf7_posted_data_hash\" value=\"\" \/>\n<\/fieldset>\n<div class=\"qode-cf-two-columns\">\n<div class=\"qode-cf-two-columns-inner\">\n<div class=\"qode-cf-left\">\n<span class=\"wpcf7-form-control-wrap\" data-name=\"first-name\"><input size=\"40\" maxlength=\"400\" class=\"wpcf7-form-control wpcf7-text wpcf7-validates-as-required\" aria-required=\"true\" aria-invalid=\"false\" placeholder=\"Name, Surname*\" value=\"\" type=\"text\" name=\"first-name\" \/><\/span>\n<span class=\"wpcf7-form-control-wrap\" data-name=\"tel-683\"><input size=\"40\" maxlength=\"400\" class=\"wpcf7-form-control wpcf7-tel wpcf7-validates-as-required wpcf7-text wpcf7-validates-as-tel\" aria-required=\"true\" aria-invalid=\"false\" placeholder=\"Phone Number*\" value=\"\" type=\"tel\" name=\"tel-683\" \/><\/span>\n<span class=\"wpcf7-form-control-wrap\" data-name=\"email\"><input size=\"40\" maxlength=\"400\" class=\"wpcf7-form-control wpcf7-email wpcf7-validates-as-required wpcf7-text wpcf7-validates-as-email\" aria-required=\"true\" aria-invalid=\"false\" placeholder=\"E-mail Address*\" value=\"\" type=\"email\" name=\"email\" \/><\/span>\n<span class=\"wpcf7-form-control-wrap\" data-name=\"contact\"><select class=\"wpcf7-form-control wpcf7-select wpcf7-validates-as-required\" aria-required=\"true\" aria-invalid=\"false\" name=\"contact\"><option value=\"\">Communication Preference*<\/option><option value=\"Phone\">Phone<\/option><option value=\"WhatsApp\">WhatsApp<\/option><option value=\"E-Mail\">E-Mail<\/option><\/select><\/span>\n<\/div>\n<div class=\"qode-cf-right\">\n<span class=\"wpcf7-form-control-wrap\" data-name=\"message\"><textarea cols=\"40\" rows=\"3\" maxlength=\"2000\" class=\"wpcf7-form-control wpcf7-textarea wpcf7-validates-as-required qodef--adjusted-height\" aria-required=\"true\" aria-invalid=\"false\" name=\"message\">Message<\/textarea><\/span>\n<span class=\"wpcf7-form-control-wrap\" data-name=\"acceptance-424\"><span class=\"wpcf7-form-control wpcf7-acceptance\"><span class=\"wpcf7-list-item\"><label><input type=\"checkbox\" name=\"acceptance-424\" value=\"1\" aria-invalid=\"false\" \/><span class=\"wpcf7-list-item-label\">I have read the Privacy Policy<\/span><\/label><\/span><\/span><\/span>\n<br><br\/>\n<input class=\"wpcf7-form-control wpcf7-submit has-spinner\" type=\"submit\" value=\"Send\" \/>\n<\/div>\n<\/div>\n<\/div><div class=\"wpcf7-response-output\" aria-hidden=\"true\"><\/div>\n<\/form>\n<\/div>\n    <\/div>\n\t\t\t\t<\/div>\n\t\t\t\t<\/div>\n\t\t\t\t<\/div>\n\t\t\t\t<\/div>\n\t\t\t\t<\/div>\n\t\t\t\t<\/div>\n\t\t","protected":false},"excerpt":{"rendered":"<p>Our Office Address Abdi \u0130pek\u00e7i Cad. Bostan Sok. Orijin Apt. No: 15 Level 5&amp;6 34367 Ni\u015fanta\u015f\u0131, \u0130stanbul, T\u00fcrkiye nezihkaraman@karamanco.com +90 212 373 96 57 FOR STRATEGIC CONSULTANCY Let Us Call You Communication Preference*PhoneWhatsAppE-Mail Message I have read the Privacy Policy<\/p>\n","protected":false},"author":1,"featured_media":0,"parent":0,"menu_order":0,"comment_status":"closed","ping_status":"closed","template":"full_width.php","meta":{"footnotes":""},"class_list":["post-12155","page","type-page","status-publish","hentry"],"_links":{"self":[{"href":"https:\/\/www.karamanco.com\/en\/wp-json\/wp\/v2\/pages\/12155","targetHints":{"allow":["GET"]}}],"collection":[{"href":"https:\/\/www.karamanco.com\/en\/wp-json\/wp\/v2\/pages"}],"about":[{"href":"https:\/\/www.karamanco.com\/en\/wp-json\/wp\/v2\/types\/page"}],"author":[{"embeddable":true,"href":"https:\/\/www.karamanco.com\/en\/wp-json\/wp\/v2\/users\/1"}],"replies":[{"embeddable":true,"href":"https:\/\/www.karamanco.com\/en\/wp-json\/wp\/v2\/comments?post=12155"}],"version-history":[{"count":5,"href":"https:\/\/www.karamanco.com\/en\/wp-json\/wp\/v2\/pages\/12155\/revisions"}],"predecessor-version":[{"id":12207,"href":"https:\/\/www.karamanco.com\/en\/wp-json\/wp\/v2\/pages\/12155\/revisions\/12207"}],"wp:attachment":[{"href":"https:\/\/www.karamanco.com\/en\/wp-json\/wp\/v2\/media?parent=12155"}],"curies":[{"name":"wp","href":"https:\/\/api.w.org\/{rel}","templated":true}]}}